{"id":259,"date":"2023-05-08T17:35:26","date_gmt":"2023-05-08T15:35:26","guid":{"rendered":"https:\/\/mojtyny.pl\/mojtyny\/?page_id=259"},"modified":"2023-05-25T21:38:17","modified_gmt":"2023-05-25T19:38:17","slug":"mieszancy-mojtyn-w-2006-r","status":"publish","type":"page","link":"https:\/\/mojtyny.pl\/mojtyny\/mieszancy-mojtyn-w-2006-r\/","title":{"rendered":"Mieszka\u0144cy Mojtyn w 2006 r."},"content":{"rendered":"\n<figure class=\"wp-block-image size-full is-resized\"><img loading=\"lazy\" decoding=\"async\" src=\"https:\/\/mojtyny.pl\/mojtyny\/wp-content\/uploads\/2023\/05\/image-3.png\" alt=\"\" class=\"wp-image-260\" width=\"676\" height=\"970\" srcset=\"https:\/\/mojtyny.pl\/mojtyny\/wp-content\/uploads\/2023\/05\/image-3.png 528w, https:\/\/mojtyny.pl\/mojtyny\/wp-content\/uploads\/2023\/05\/image-3-209x300.png 209w\" sizes=\"auto, (max-width: 676px) 100vw, 676px\" \/><\/figure>\n\n\n\n<p class=\"has-medium-font-size\">Mojtyny w 2006 r. liczy\u0142y 121 mieszka\u0144c\u00f3w, do 18. roku \u017cycia mieszka\u0142y 33 osoby. Gro mieszka\u0144c\u00f3w to renci\u015bci i emeryci. Nale\u017cy mie\u0107 nadziej\u0119, \u017ce m\u0142ode pokolenie zast\u0105pi starsze i wie\u015b, tak jak za dawnych dobrych lat, b\u0119dzie t\u0119tni\u0142a \u017cyciem i rozwija\u0142a si\u0119.<\/p>\n","protected":false},"excerpt":{"rendered":"<p>Mojtyny w 2006 r. liczy\u0142y 121 mieszka\u0144c\u00f3w, do 18. roku \u017cycia mieszka\u0142y 33 osoby. Gro mieszka\u0144c\u00f3w to renci\u015bci i emeryci. Nale\u017cy mie\u0107 nadziej\u0119, \u017ce m\u0142ode pokolenie zast\u0105pi starsze i wie\u015b, tak jak za dawnych dobrych lat, b\u0119dzie t\u0119tni\u0142a \u017cyciem i rozwija\u0142a si\u0119.<\/p>\n","protected":false},"author":1,"featured_media":276,"parent":0,"menu_order":0,"comment_status":"closed","ping_status":"closed","template":"","meta":{"footnotes":""},"class_list":["post-259","page","type-page","status-publish","has-post-thumbnail","hentry"],"_links":{"self":[{"href":"https:\/\/mojtyny.pl\/mojtyny\/wp-json\/wp\/v2\/pages\/259","targetHints":{"allow":["GET"]}}],"collection":[{"href":"https:\/\/mojtyny.pl\/mojtyny\/wp-json\/wp\/v2\/pages"}],"about":[{"href":"https:\/\/mojtyny.pl\/mojtyny\/wp-json\/wp\/v2\/types\/page"}],"author":[{"embeddable":true,"href":"https:\/\/mojtyny.pl\/mojtyny\/wp-json\/wp\/v2\/users\/1"}],"replies":[{"embeddable":true,"href":"https:\/\/mojtyny.pl\/mojtyny\/wp-json\/wp\/v2\/comments?post=259"}],"version-history":[{"count":2,"href":"https:\/\/mojtyny.pl\/mojtyny\/wp-json\/wp\/v2\/pages\/259\/revisions"}],"predecessor-version":[{"id":300,"href":"https:\/\/mojtyny.pl\/mojtyny\/wp-json\/wp\/v2\/pages\/259\/revisions\/300"}],"wp:featuredmedia":[{"embeddable":true,"href":"https:\/\/mojtyny.pl\/mojtyny\/wp-json\/wp\/v2\/media\/276"}],"wp:attachment":[{"href":"https:\/\/mojtyny.pl\/mojtyny\/wp-json\/wp\/v2\/media?parent=259"}],"curies":[{"name":"wp","href":"https:\/\/api.w.org\/{rel}","templated":true}]}}